{"id":326,"date":"2022-04-08T07:19:17","date_gmt":"2022-04-08T07:19:17","guid":{"rendered":"http:\/\/wpdemo.archiwp.com\/ronmi\/?page_id=326"},"modified":"2024-10-08T04:08:35","modified_gmt":"2024-10-08T02:08:35","slug":"inicio","status":"publish","type":"page","link":"https:\/\/proydei.com\/","title":{"rendered":"Inicio"},"content":{"rendered":"\t\t<div data-elementor-type=\"wp-page\" data-elementor-id=\"326\" class=\"elementor elementor-326\">\n\t\t\t\t\t\t<section class=\"elementor-section elementor-top-section elementor-element elementor-element-0f7e86c elementor-section-content-bottom elementor-section-boxed elementor-section-height-default elementor-section-height-default\" data-id=\"0f7e86c\" data-element_type=\"section\" data-settings=\"{&quot;background_background&quot;:&quot;classic&quot;}\">\n\t\t\t\t\t\t<div class=\"elementor-container elementor-column-gap-extended\">\n\t\t\t\t\t<div class=\"elementor-column elementor-col-66 elementor-top-column elementor-element elementor-element-41892c1\" data-id=\"41892c1\" data-element_type=\"column\">\n\t\t\t<div class=\"elementor-widget-wrap elementor-element-populated\">\n\t\t\t\t\t\t<div class=\"elementor-element elementor-element-6323824 elementor-widget elementor-widget-ot-heading\" data-id=\"6323824\" data-element_type=\"widget\" data-widget_type=\"ot-heading.default\">\n\t\t\t\t<div class=\"elementor-widget-container\">\n\t\t\t\t\t<div class=\"ot-heading\">\r\n\t        <span class=\"ot-heading__sub dflex\"><span><\/span>Desarrolladora Inmobiliaria<\/span>\t        <h1 class=\"ot-heading__title\">Empresa desarrolladora inmobiliaria con proyecci\u00f3n de realizar proyectos en zona norte del pa\u00eds, orientados a departamentos y usos mixtos<\/h1>\t    <\/div>\r\n\t    \t\t<\/div>\n\t\t\t\t<\/div>\n\t\t\t\t\t<\/div>\n\t\t<\/div>\n\t\t\t\t<div class=\"elementor-column elementor-col-33 elementor-top-column elementor-element elementor-element-c96ef70\" data-id=\"c96ef70\" data-element_type=\"column\">\n\t\t\t<div class=\"elementor-widget-wrap elementor-element-populated\">\n\t\t\t\t\t\t<div class=\"elementor-element elementor-element-3a2c561 elementor-align-right elementor-tablet-align-center elementor-widget elementor-widget-ot-button\" data-id=\"3a2c561\" data-element_type=\"widget\" data-widget_type=\"ot-button.default\">\n\t\t\t\t<div class=\"elementor-widget-container\">\n\t\t\t\t\t<div class=\"ot-button\">\r\n\t\t\t<a href=\"https:\/\/wpdemo.archiwp.com\/ronmi\/portfolio-grid-no-space\/\" class=\"octf-btn octf-btn-primary\">Cont\u00e1ctanos<\/a>\r\n\t    <\/div>\r\n\t    \t\t<\/div>\n\t\t\t\t<\/div>\n\t\t\t\t\t<\/div>\n\t\t<\/div>\n\t\t\t\t\t<\/div>\n\t\t<\/section>\n\t\t\t\t<section class=\"elementor-section elementor-top-section elementor-element elementor-element-f70fef2 elementor-section-full_width elementor-section-height-default elementor-section-height-default\" data-id=\"f70fef2\" data-element_type=\"section\">\n\t\t\t\t\t\t<div class=\"elementor-container elementor-column-gap-no\">\n\t\t\t\t\t<div class=\"elementor-column elementor-col-100 elementor-top-column elementor-element elementor-element-41214a4\" data-id=\"41214a4\" data-element_type=\"column\">\n\t\t\t<div class=\"elementor-widget-wrap elementor-element-populated\">\n\t\t\t\t\t\t<div class=\"elementor-element elementor-element-0987d6c elementor-widget elementor-widget-image\" data-id=\"0987d6c\" data-element_type=\"widget\" data-widget_type=\"image.default\">\n\t\t\t\t<div class=\"elementor-widget-container\">\n\t\t\t\t\t\t\t\t\t\t\t\t\t<img fetchpriority=\"high\" decoding=\"async\" width=\"1920\" height=\"900\" src=\"https:\/\/proydei.com\/wp-content\/uploads\/2022\/04\/home2-image1.jpg\" class=\"attachment-full size-full wp-image-365\" alt=\"\" srcset=\"https:\/\/proydei.com\/wp-content\/uploads\/2022\/04\/home2-image1.jpg 1920w, https:\/\/proydei.com\/wp-content\/uploads\/2022\/04\/home2-image1-300x141.jpg 300w, https:\/\/proydei.com\/wp-content\/uploads\/2022\/04\/home2-image1-1024x480.jpg 1024w, https:\/\/proydei.com\/wp-content\/uploads\/2022\/04\/home2-image1-768x360.jpg 768w, https:\/\/proydei.com\/wp-content\/uploads\/2022\/04\/home2-image1-1536x720.jpg 1536w\" sizes=\"(max-width: 1920px) 100vw, 1920px\" \/>\t\t\t\t\t\t\t\t\t\t\t\t\t<\/div>\n\t\t\t\t<\/div>\n\t\t\t\t\t<\/div>\n\t\t<\/div>\n\t\t\t\t\t<\/div>\n\t\t<\/section>\n\t\t\t\t<section class=\"elementor-section elementor-top-section elementor-element elementor-element-6894f74 elementor-section-boxed elementor-section-height-default elementor-section-height-default\" data-id=\"6894f74\" data-element_type=\"section\">\n\t\t\t\t\t\t<div class=\"elementor-container elementor-column-gap-no\">\n\t\t\t\t\t<div class=\"elementor-column elementor-col-100 elementor-top-column elementor-element elementor-element-ed27516\" data-id=\"ed27516\" data-element_type=\"column\">\n\t\t\t<div class=\"elementor-widget-wrap elementor-element-populated\">\n\t\t\t\t\t\t<section class=\"elementor-section elementor-inner-section elementor-element elementor-element-c25a29d elementor-section-content-middle elementor-section-boxed elementor-section-height-default elementor-section-height-default\" data-id=\"c25a29d\" data-element_type=\"section\">\n\t\t\t\t\t\t<div class=\"elementor-container elementor-column-gap-extended\">\n\t\t\t\t\t<div class=\"elementor-column elementor-col-50 elementor-inner-column elementor-element elementor-element-d8029eb\" data-id=\"d8029eb\" data-element_type=\"column\">\n\t\t\t<div class=\"elementor-widget-wrap elementor-element-populated\">\n\t\t\t\t\t\t<div class=\"elementor-element elementor-element-0363ca5 elementor-widget elementor-widget-ot-video-popup\" data-id=\"0363ca5\" data-element_type=\"widget\" data-widget_type=\"ot-video-popup.default\">\n\t\t\t\t<div class=\"elementor-widget-container\">\n\t\t\t\t\t<div class=\"video-popup\">\r\n\t\t\t\t\t\t<div class=\"video-image\">\r\n\t\t\t\t<img decoding=\"async\" src=\"https:\/\/proydei.com\/wp-content\/uploads\/2022\/04\/home2-bg-video.jpg\" title=\"home2-bg-video\" alt=\"home2-bg-video\" loading=\"lazy\" \/>\t\t\t<\/div>\r\n\t\t\t\t\t\t<div class=\"btn-inner flex-middle\">\r\n\t\t        <a class=\"btn-play\" href=\"https:\/\/vimeo.com\/536187789\">\r\n\t\t        \t<i class=\"ot-flaticon-play\"><\/i>\r\n\t\t        \t\t\t        \t<span class=\"circle-1\"><\/span>\r\n\t\t\t\t\t<span class=\"circle-2\"><\/span>\r\n\t\t\t\t\t\t\t        <\/a>\r\n\t\t        \t        <\/div>\r\n\t    <\/div>\r\n\t    \t\t<\/div>\n\t\t\t\t<\/div>\n\t\t\t\t<div class=\"elementor-element elementor-element-3e8a993 elementor-widget elementor-widget-image\" data-id=\"3e8a993\" data-element_type=\"widget\" data-widget_type=\"image.default\">\n\t\t\t\t<div class=\"elementor-widget-container\">\n\t\t\t\t\t\t\t\t\t\t\t\t\t\t<a href=\"https:\/\/wpdemo.archiwp.com\/ronmi\/\">\n\t\t\t\t\t\t\t<img decoding=\"async\" width=\"1080\" height=\"1080\" src=\"https:\/\/proydei.com\/wp-content\/uploads\/2024\/10\/LOGO-1-1.png\" class=\"attachment-full size-full wp-image-7650\" alt=\"\" srcset=\"https:\/\/proydei.com\/wp-content\/uploads\/2024\/10\/LOGO-1-1.png 1080w, https:\/\/proydei.com\/wp-content\/uploads\/2024\/10\/LOGO-1-1-300x300.png 300w, https:\/\/proydei.com\/wp-content\/uploads\/2024\/10\/LOGO-1-1-1024x1024.png 1024w, https:\/\/proydei.com\/wp-content\/uploads\/2024\/10\/LOGO-1-1-150x150.png 150w, https:\/\/proydei.com\/wp-content\/uploads\/2024\/10\/LOGO-1-1-768x768.png 768w\" sizes=\"(max-width: 1080px) 100vw, 1080px\" \/>\t\t\t\t\t\t\t\t<\/a>\n\t\t\t\t\t\t\t\t\t\t\t\t\t<\/div>\n\t\t\t\t<\/div>\n\t\t\t\t\t<\/div>\n\t\t<\/div>\n\t\t\t\t<div class=\"elementor-column elementor-col-50 elementor-inner-column elementor-element elementor-element-c2ce95b\" data-id=\"c2ce95b\" data-element_type=\"column\">\n\t\t\t<div class=\"elementor-widget-wrap elementor-element-populated\">\n\t\t\t\t\t\t<div class=\"elementor-element elementor-element-4f3d915 elementor-widget elementor-widget-ot-heading\" data-id=\"4f3d915\" data-element_type=\"widget\" data-widget_type=\"ot-heading.default\">\n\t\t\t\t<div class=\"elementor-widget-container\">\n\t\t\t\t\t<div class=\"ot-heading\">\r\n\t        <span class=\"ot-heading__sub dflex\"><span><\/span>Servicios<\/span>\t        <h2 class=\"ot-heading__title\">Todo lo que podemos ofrecerte<\/h2>\t    <\/div>\r\n\t    \t\t<\/div>\n\t\t\t\t<\/div>\n\t\t\t\t<div class=\"elementor-element elementor-element-0aafac5 elementor-widget elementor-widget-text-editor\" data-id=\"0aafac5\" data-element_type=\"widget\" data-widget_type=\"text-editor.default\">\n\t\t\t\t<div class=\"elementor-widget-container\">\n\t\t\t\t\t\t\t<p>En PROYDEI nos comprometemos a representar en exclusiva los intereses del vendedor o comprador, que previamente nos haya otrogado un mandato en firme.<\/p>\t\t\t\t\t\t<\/div>\n\t\t\t\t<\/div>\n\t\t\t\t<div class=\"elementor-element elementor-element-e6dc302 elementor-widget__width-initial ot-view-default elementor-widget elementor-widget-ot-icon-list\" data-id=\"e6dc302\" data-element_type=\"widget\" data-widget_type=\"ot-icon-list.default\">\n\t\t\t\t<div class=\"elementor-widget-container\">\n\t\t\t\t        <div class=\"ot-icon-list-wrapper\">\r\n\t        \t<ul class=\"unstyle ot-icon-list-items \">\r\n\t        \t\t\t        \t\t\t<li class=\"ot-icon-list-item \">\r\n\t        \t\t\t\t\r\n\t\t\t\t\t\t\t<span class=\"ot-icon-list-icon\">\r\n\t\t\t\t\t\t\t\t<svg aria-hidden=\"true\" class=\"e-font-icon-svg e-fas-circle\" viewBox=\"0 0 512 512\" xmlns=\"http:\/\/www.w3.org\/2000\/svg\"><path d=\"M256 8C119 8 8 119 8 256s111 248 248 248 248-111 248-248S393 8 256 8z\"><\/path><\/svg>\t\t\t\t\t\t\t<\/span>\r\n\t\t\t\t\t\t\t<a href=\"#\">\t\t\t\t\t\t\t<span class=\"ot-icon-list-text title-link\">Desarrollo Inmobiliario<\/span>\r\n\t\t\t\t\t\t\t\t\t\t\t\t\t\t\t<\/a>\r\n\t\t\t\t\t\t\t\t        \t\t\t<\/li>\r\n\t        \t\t\t        \t\t\t<li class=\"ot-icon-list-item \">\r\n\t        \t\t\t\t\r\n\t\t\t\t\t\t\t<span class=\"ot-icon-list-icon\">\r\n\t\t\t\t\t\t\t\t<svg aria-hidden=\"true\" class=\"e-font-icon-svg e-fas-circle\" viewBox=\"0 0 512 512\" xmlns=\"http:\/\/www.w3.org\/2000\/svg\"><path d=\"M256 8C119 8 8 119 8 256s111 248 248 248 248-111 248-248S393 8 256 8z\"><\/path><\/svg>\t\t\t\t\t\t\t<\/span>\r\n\t\t\t\t\t\t\t<a href=\"#\">\t\t\t\t\t\t\t<span class=\"ot-icon-list-text title-link\">Comercializaci\u00f3n de Propiedades<\/span>\r\n\t\t\t\t\t\t\t\t\t\t\t\t\t\t\t<\/a>\r\n\t\t\t\t\t\t\t\t        \t\t\t<\/li>\r\n\t        \t\t\t        \t\t\t<li class=\"ot-icon-list-item \">\r\n\t        \t\t\t\t\r\n\t\t\t\t\t\t\t<span class=\"ot-icon-list-icon\">\r\n\t\t\t\t\t\t\t\t<svg aria-hidden=\"true\" class=\"e-font-icon-svg e-fas-circle\" viewBox=\"0 0 512 512\" xmlns=\"http:\/\/www.w3.org\/2000\/svg\"><path d=\"M256 8C119 8 8 119 8 256s111 248 248 248 248-111 248-248S393 8 256 8z\"><\/path><\/svg>\t\t\t\t\t\t\t<\/span>\r\n\t\t\t\t\t\t\t<a href=\"#\">\t\t\t\t\t\t\t<span class=\"ot-icon-list-text title-link\">Dise\u00f1o de interiores<\/span>\r\n\t\t\t\t\t\t\t\t\t\t\t\t\t\t\t<\/a>\r\n\t\t\t\t\t\t\t\t        \t\t\t<\/li>\r\n\t        \t\t\t        \t<\/ul>\r\n\t        <\/div>\r\n\t    \t\t<\/div>\n\t\t\t\t<\/div>\n\t\t\t\t<div class=\"elementor-element elementor-element-58e4d15 elementor-widget elementor-widget-ot-title-link\" data-id=\"58e4d15\" data-element_type=\"widget\" data-widget_type=\"ot-title-link.default\">\n\t\t\t\t<div class=\"elementor-widget-container\">\n\t\t\t\t\t<div class=\"ot-title-link\">\r\n\t        <h5><a href=\"https:\/\/wpdemo.archiwp.com\/ronmi\/about-us\/\" class=\"title-link\">Conoce m\u00e1s Sobre Nosotros<\/a><\/h5>\r\n\t        \t    <\/div>\r\n\t    \t\t<\/div>\n\t\t\t\t<\/div>\n\t\t\t\t\t<\/div>\n\t\t<\/div>\n\t\t\t\t\t<\/div>\n\t\t<\/section>\n\t\t\t\t\t<\/div>\n\t\t<\/div>\n\t\t\t\t\t<\/div>\n\t\t<\/section>\n\t\t\t\t<section class=\"elementor-section elementor-top-section elementor-element elementor-element-b2030e6 elementor-section-boxed elementor-section-height-default elementor-section-height-default\" data-id=\"b2030e6\" data-element_type=\"section\" data-settings=\"{&quot;background_background&quot;:&quot;classic&quot;}\">\n\t\t\t\t\t\t<div class=\"elementor-container elementor-column-gap-extended\">\n\t\t\t\t\t<div class=\"elementor-column elementor-col-16 elementor-top-column elementor-element elementor-element-bb4cedd elementor-hidden-tablet elementor-hidden-mobile\" data-id=\"bb4cedd\" data-element_type=\"column\">\n\t\t\t<div class=\"elementor-widget-wrap\">\n\t\t\t\t\t\t\t<\/div>\n\t\t<\/div>\n\t\t\t\t<div class=\"elementor-column elementor-col-66 elementor-top-column elementor-element elementor-element-dbf0afa\" data-id=\"dbf0afa\" data-element_type=\"column\">\n\t\t\t<div class=\"elementor-widget-wrap elementor-element-populated\">\n\t\t\t\t\t\t<div class=\"elementor-element elementor-element-6868b99 elementor-widget elementor-widget-heading\" data-id=\"6868b99\" data-element_type=\"widget\" data-widget_type=\"heading.default\">\n\t\t\t\t<div class=\"elementor-widget-container\">\n\t\t\t<h2 class=\"elementor-heading-title elementor-size-default\">Tu mejor opci\u00f3n para crear loq ue imaginas<\/h2>\t\t<\/div>\n\t\t\t\t<\/div>\n\t\t\t\t<div class=\"elementor-element elementor-element-88cfd5e elementor-align-center elementor-widget elementor-widget-ot-button\" data-id=\"88cfd5e\" data-element_type=\"widget\" data-widget_type=\"ot-button.default\">\n\t\t\t\t<div class=\"elementor-widget-container\">\n\t\t\t\t\t<div class=\"ot-button\">\r\n\t\t\t<a href=\"https:\/\/wpdemo.archiwp.com\/ronmi\/contact-us\" class=\"octf-btn octf-btn-primary\">Nuestros Proyectos<\/a>\r\n\t    <\/div>\r\n\t    \t\t<\/div>\n\t\t\t\t<\/div>\n\t\t\t\t\t<\/div>\n\t\t<\/div>\n\t\t\t\t<div class=\"elementor-column elementor-col-16 elementor-top-column elementor-element elementor-element-5306d66 elementor-hidden-tablet elementor-hidden-mobile\" data-id=\"5306d66\" data-element_type=\"column\">\n\t\t\t<div class=\"elementor-widget-wrap\">\n\t\t\t\t\t\t\t<\/div>\n\t\t<\/div>\n\t\t\t\t\t<\/div>\n\t\t<\/section>\n\t\t\t\t<\/div>\n\t\t","protected":false},"excerpt":{"rendered":"<p>Desarrolladora Inmobiliaria Empresa desarrolladora inmobiliaria con proyecci\u00f3n de realizar proyectos en zona norte del pa\u00eds, orientados a departamentos y usos mixtos Cont\u00e1ctanos Servicios Todo lo que podemos ofrecerte En PROYDEI nos comprometemos a representar en exclusiva los intereses del vendedor o comprador, que previamente nos haya otrogado un mandato en firme. Desarrollo Inmobiliario Comercializaci\u00f3n de [&hellip;]<\/p>\n","protected":false},"author":1,"featured_media":0,"parent":0,"menu_order":0,"comment_status":"closed","ping_status":"closed","template":"","meta":{"footnotes":""},"class_list":["post-326","page","type-page","status-publish","hentry"],"_links":{"self":[{"href":"https:\/\/proydei.com\/index.php?rest_route=\/wp\/v2\/pages\/326","targetHints":{"allow":["GET"]}}],"collection":[{"href":"https:\/\/proydei.com\/index.php?rest_route=\/wp\/v2\/pages"}],"about":[{"href":"https:\/\/proydei.com\/index.php?rest_route=\/wp\/v2\/types\/page"}],"author":[{"embeddable":true,"href":"https:\/\/proydei.com\/index.php?rest_route=\/wp\/v2\/users\/1"}],"replies":[{"embeddable":true,"href":"https:\/\/proydei.com\/index.php?rest_route=%2Fwp%2Fv2%2Fcomments&post=326"}],"version-history":[{"count":4,"href":"https:\/\/proydei.com\/index.php?rest_route=\/wp\/v2\/pages\/326\/revisions"}],"predecessor-version":[{"id":7653,"href":"https:\/\/proydei.com\/index.php?rest_route=\/wp\/v2\/pages\/326\/revisions\/7653"}],"wp:attachment":[{"href":"https:\/\/proydei.com\/index.php?rest_route=%2Fwp%2Fv2%2Fmedia&parent=326"}],"curies":[{"name":"wp","href":"https:\/\/api.w.org\/{rel}","templated":true}]}}