{"id":843,"date":"2022-04-12T10:39:16","date_gmt":"2022-04-12T10:39:16","guid":{"rendered":"https:\/\/wpdemo.archiwp.com\/ronmi\/?page_id=843"},"modified":"2024-10-08T04:17:09","modified_gmt":"2024-10-08T02:17:09","slug":"nosotros","status":"publish","type":"page","link":"https:\/\/proydei.com\/?page_id=843","title":{"rendered":"Nosotros"},"content":{"rendered":"\t\t<div data-elementor-type=\"wp-page\" data-elementor-id=\"843\" class=\"elementor elementor-843\">\n\t\t\t\t\t\t<section class=\"elementor-section elementor-top-section elementor-element elementor-element-d87ba6a elementor-section-boxed elementor-section-height-default elementor-section-height-default\" data-id=\"d87ba6a\" data-element_type=\"section\">\n\t\t\t\t\t\t<div class=\"elementor-container elementor-column-gap-default\">\n\t\t\t\t\t<div class=\"elementor-column elementor-col-50 elementor-top-column elementor-element elementor-element-12323f0\" data-id=\"12323f0\" data-element_type=\"column\">\n\t\t\t<div class=\"elementor-widget-wrap elementor-element-populated\">\n\t\t\t\t\t\t<div class=\"elementor-element elementor-element-314663a elementor-widget elementor-widget-ot-heading\" data-id=\"314663a\" data-element_type=\"widget\" data-widget_type=\"ot-heading.default\">\n\t\t\t\t<div class=\"elementor-widget-container\">\n\t\t\t\t\t<div class=\"ot-heading\">\r\n\t        <span class=\"ot-heading__sub\">Sobre Nosotros<\/span>\t        <h2 class=\"ot-heading__title\">\u00bfQui\u00e9nes Somos?<\/h2>\t    <\/div>\r\n\t    \t\t<\/div>\n\t\t\t\t<\/div>\n\t\t\t\t<div class=\"elementor-element elementor-element-05feed6 elementor-widget elementor-widget-text-editor\" data-id=\"05feed6\" data-element_type=\"widget\" data-widget_type=\"text-editor.default\">\n\t\t\t\t<div class=\"elementor-widget-container\">\n\t\t\t\t\t\t\t<p>Empresa desarrolladora inmobiliaria con proyecci\u00f3n de realizar proyectos en zona norte del pa\u00eds, orientados a departamentos y usos mixtos<\/p>\t\t\t\t\t\t<\/div>\n\t\t\t\t<\/div>\n\t\t\t\t<div class=\"elementor-element elementor-element-a0e76a1 elementor-widget-divider--view-line elementor-widget elementor-widget-divider\" data-id=\"a0e76a1\" data-element_type=\"widget\" data-widget_type=\"divider.default\">\n\t\t\t\t<div class=\"elementor-widget-container\">\n\t\t\t\t\t<div class=\"elementor-divider\">\n\t\t\t<span class=\"elementor-divider-separator\">\n\t\t\t\t\t\t<\/span>\n\t\t<\/div>\n\t\t\t\t<\/div>\n\t\t\t\t<\/div>\n\t\t\t\t\t<\/div>\n\t\t<\/div>\n\t\t\t\t<div class=\"elementor-column elementor-col-50 elementor-top-column elementor-element elementor-element-a484ced\" data-id=\"a484ced\" data-element_type=\"column\">\n\t\t\t<div class=\"elementor-widget-wrap elementor-element-populated\">\n\t\t\t\t\t\t<div class=\"elementor-element elementor-element-7eeda08 elementor-widget elementor-widget-image\" data-id=\"7eeda08\" data-element_type=\"widget\" data-widget_type=\"image.default\">\n\t\t\t\t<div class=\"elementor-widget-container\">\n\t\t\t\t\t\t\t\t\t\t\t\t\t<img fetchpriority=\"high\" decoding=\"async\" width=\"720\" height=\"861\" src=\"https:\/\/proydei.com\/wp-content\/uploads\/2022\/04\/about_image1.jpg\" class=\"attachment-full size-full wp-image-850\" alt=\"\" srcset=\"https:\/\/proydei.com\/wp-content\/uploads\/2022\/04\/about_image1.jpg 720w, https:\/\/proydei.com\/wp-content\/uploads\/2022\/04\/about_image1-251x300.jpg 251w\" sizes=\"(max-width: 720px) 100vw, 720px\" \/>\t\t\t\t\t\t\t\t\t\t\t\t\t<\/div>\n\t\t\t\t<\/div>\n\t\t\t\t\t<\/div>\n\t\t<\/div>\n\t\t\t\t\t<\/div>\n\t\t<\/section>\n\t\t\t\t<section class=\"elementor-section elementor-top-section elementor-element elementor-element-eb9c1c9 elementor-section-boxed elementor-section-height-default elementor-section-height-default\" data-id=\"eb9c1c9\" data-element_type=\"section\">\n\t\t\t\t\t\t<div class=\"elementor-container elementor-column-gap-default\">\n\t\t\t\t\t<div class=\"elementor-column elementor-col-50 elementor-top-column elementor-element elementor-element-090b3a5\" data-id=\"090b3a5\" data-element_type=\"column\">\n\t\t\t<div class=\"elementor-widget-wrap elementor-element-populated\">\n\t\t\t\t\t\t<div class=\"elementor-element elementor-element-2c0a237 elementor-widget elementor-widget-image\" data-id=\"2c0a237\" data-element_type=\"widget\" data-widget_type=\"image.default\">\n\t\t\t\t<div class=\"elementor-widget-container\">\n\t\t\t\t\t\t\t\t\t\t\t\t\t<img decoding=\"async\" width=\"720\" height=\"930\" src=\"https:\/\/proydei.com\/wp-content\/uploads\/2022\/04\/about_image2.jpg\" class=\"attachment-full size-full wp-image-851\" alt=\"\" srcset=\"https:\/\/proydei.com\/wp-content\/uploads\/2022\/04\/about_image2.jpg 720w, https:\/\/proydei.com\/wp-content\/uploads\/2022\/04\/about_image2-232x300.jpg 232w\" sizes=\"(max-width: 720px) 100vw, 720px\" \/>\t\t\t\t\t\t\t\t\t\t\t\t\t<\/div>\n\t\t\t\t<\/div>\n\t\t\t\t\t<\/div>\n\t\t<\/div>\n\t\t\t\t<div class=\"elementor-column elementor-col-50 elementor-top-column elementor-element elementor-element-9557dce\" data-id=\"9557dce\" data-element_type=\"column\">\n\t\t\t<div class=\"elementor-widget-wrap elementor-element-populated\">\n\t\t\t\t\t\t<div class=\"elementor-element elementor-element-3163cfa elementor-widget elementor-widget-ot-heading\" data-id=\"3163cfa\" data-element_type=\"widget\" data-widget_type=\"ot-heading.default\">\n\t\t\t\t<div class=\"elementor-widget-container\">\n\t\t\t\t\t<div class=\"ot-heading\">\r\n\t        <span class=\"ot-heading__sub\">\u00bfPor qu\u00e9 escogernos?<\/span>\t        <h2 class=\"ot-heading__title\">Nuestras fortalezas<\/h2>\t    <\/div>\r\n\t    \t\t<\/div>\n\t\t\t\t<\/div>\n\t\t\t\t<div class=\"elementor-element elementor-element-f6dde1c elementor-widget elementor-widget-text-editor\" data-id=\"f6dde1c\" data-element_type=\"widget\" data-widget_type=\"text-editor.default\">\n\t\t\t\t<div class=\"elementor-widget-container\">\n\t\t\t\t\t\t\t<p>Propuesta de valor diferenciada ofreciendo productos de alto nivel de dise\u00f1o arquitect\u00f3nico e ingenier\u00edas buscando la optimizaci\u00f3n de recursos, trabajamos bajo el sistema lean construction y en b\u00fasqueda de certificaci\u00f3n ISO 9001 para el sistema de gesti\u00f3n de calidad.<\/p>\t\t\t\t\t\t<\/div>\n\t\t\t\t<\/div>\n\t\t\t\t<div class=\"elementor-element elementor-element-294a147 elementor-widget elementor-widget-ot-button\" data-id=\"294a147\" data-element_type=\"widget\" data-widget_type=\"ot-button.default\">\n\t\t\t\t<div class=\"elementor-widget-container\">\n\t\t\t\t\t<div class=\"ot-button\">\r\n\t\t\t<a href=\"https:\/\/wpdemo.archiwp.com\/ronmi\/pricing-plans\/\" class=\"octf-btn octf-btn-primary\">Nuestros Proyectos<\/a>\r\n\t    <\/div>\r\n\t    \t\t<\/div>\n\t\t\t\t<\/div>\n\t\t\t\t\t<\/div>\n\t\t<\/div>\n\t\t\t\t\t<\/div>\n\t\t<\/section>\n\t\t\t\t<section class=\"elementor-section elementor-top-section elementor-element elementor-element-7c2c57f4 elementor-section-boxed elementor-section-height-default elementor-section-height-default\" data-id=\"7c2c57f4\" data-element_type=\"section\" data-settings=\"{&quot;background_background&quot;:&quot;classic&quot;}\">\n\t\t\t\t\t\t<div class=\"elementor-container elementor-column-gap-default\">\n\t\t\t\t\t<div class=\"elementor-column elementor-col-25 elementor-top-column elementor-element elementor-element-5245d824\" data-id=\"5245d824\" data-element_type=\"column\">\n\t\t\t<div class=\"elementor-widget-wrap elementor-element-populated\">\n\t\t\t\t\t\t<div class=\"elementor-element elementor-element-53121329 elementor-widget__width-initial elementor-absolute elementor-hidden-tablet elementor-hidden-mobile elementor-widget elementor-widget-image\" data-id=\"53121329\" data-element_type=\"widget\" data-settings=\"{&quot;_position&quot;:&quot;absolute&quot;}\" data-widget_type=\"image.default\">\n\t\t\t\t<div class=\"elementor-widget-container\">\n\t\t\t\t\t\t\t\t\t\t\t\t\t<img decoding=\"async\" width=\"300\" height=\"470\" src=\"https:\/\/proydei.com\/wp-content\/uploads\/2022\/04\/faq_studio_1.jpg\" class=\"attachment-full size-full wp-image-58\" alt=\"\" srcset=\"https:\/\/proydei.com\/wp-content\/uploads\/2022\/04\/faq_studio_1.jpg 300w, https:\/\/proydei.com\/wp-content\/uploads\/2022\/04\/faq_studio_1-191x300.jpg 191w\" sizes=\"(max-width: 300px) 100vw, 300px\" \/>\t\t\t\t\t\t\t\t\t\t\t\t\t<\/div>\n\t\t\t\t<\/div>\n\t\t\t\t\t<\/div>\n\t\t<\/div>\n\t\t\t\t<div class=\"elementor-column elementor-col-50 elementor-top-column elementor-element elementor-element-b0123a9\" data-id=\"b0123a9\" data-element_type=\"column\">\n\t\t\t<div class=\"elementor-widget-wrap elementor-element-populated\">\n\t\t\t\t\t\t<div class=\"elementor-element elementor-element-7f8c86b4 elementor-widget elementor-widget-ot-heading\" data-id=\"7f8c86b4\" data-element_type=\"widget\" data-widget_type=\"ot-heading.default\">\n\t\t\t\t<div class=\"elementor-widget-container\">\n\t\t\t\t\t<div class=\"ot-heading\">\r\n\t        <span class=\"ot-heading__sub\">PROYECTOS<\/span>\t        <h2 class=\"ot-heading__title\">Te proveeremos los mejores servicios<\/h2>\t    <\/div>\r\n\t    \t\t<\/div>\n\t\t\t\t<\/div>\n\t\t\t\t<div class=\"elementor-element elementor-element-27056594 elementor-widget elementor-widget-text-editor\" data-id=\"27056594\" data-element_type=\"widget\" data-widget_type=\"text-editor.default\">\n\t\t\t\t<div class=\"elementor-widget-container\">\n\t\t\t\t\t\t\t<p style=\"text-align: center;\">Satisfaceremos todos tus deseos.<\/p>\t\t\t\t\t\t<\/div>\n\t\t\t\t<\/div>\n\t\t\t\t<section class=\"elementor-section elementor-inner-section elementor-element elementor-element-b5897c8 elementor-section-boxed elementor-section-height-default elementor-section-height-default\" data-id=\"b5897c8\" data-element_type=\"section\">\n\t\t\t\t\t\t<div class=\"elementor-container elementor-column-gap-default\">\n\t\t\t\t\t<div class=\"elementor-column elementor-col-33 elementor-inner-column elementor-element elementor-element-4b0e4fe8\" data-id=\"4b0e4fe8\" data-element_type=\"column\">\n\t\t\t<div class=\"elementor-widget-wrap elementor-element-populated\">\n\t\t\t\t\t\t<div class=\"elementor-element elementor-element-46e94c18 ot-position-top elementor-widget elementor-widget-ot-counter\" data-id=\"46e94c18\" data-element_type=\"widget\" data-widget_type=\"ot-counter.default\">\n\t\t\t\t<div class=\"elementor-widget-container\">\n\t\t\t    \t<div class=\"ot-counter\" data-counter=\"346\">\r\n        \t<div class=\"dflex number-wrapper\">\r\n        \t\t<span class=\"ot-counter__num-prefix\"><\/span>\r\n        \t\t<span class=\"ot-counter__num\" data-to=\"346\" data-time= \"2000\"><\/span>\r\n        \t\t<span class=\"ot-counter__num-suffix\">+<\/span>\r\n        \t<\/div>\r\n        \t<div class=\"title-desc-wrapper\">\r\n        \t<h6 class=\"ot-counter__title\">Proyectos<\/h6>  \r\n        \t  \t\r\n        \t<\/div>\t        \r\n\t    <\/div>\r\n\t    \t\t<\/div>\n\t\t\t\t<\/div>\n\t\t\t\t\t<\/div>\n\t\t<\/div>\n\t\t\t\t<div class=\"elementor-column elementor-col-33 elementor-inner-column elementor-element elementor-element-393d02d6\" data-id=\"393d02d6\" data-element_type=\"column\">\n\t\t\t<div class=\"elementor-widget-wrap elementor-element-populated\">\n\t\t\t\t\t\t<div class=\"elementor-element elementor-element-213dc01a ot-position-top elementor-widget elementor-widget-ot-counter\" data-id=\"213dc01a\" data-element_type=\"widget\" data-widget_type=\"ot-counter.default\">\n\t\t\t\t<div class=\"elementor-widget-container\">\n\t\t\t    \t<div class=\"ot-counter\" data-counter=\"9\">\r\n        \t<div class=\"dflex number-wrapper\">\r\n        \t\t<span class=\"ot-counter__num-prefix\"><\/span>\r\n        \t\t<span class=\"ot-counter__num\" data-to=\"9\" data-time= \"2000\"><\/span>\r\n        \t\t<span class=\"ot-counter__num-suffix\">k+<\/span>\r\n        \t<\/div>\r\n        \t<div class=\"title-desc-wrapper\">\r\n        \t<h6 class=\"ot-counter__title\">Horas Trabajadas<\/h6>  \r\n        \t  \t\r\n        \t<\/div>\t        \r\n\t    <\/div>\r\n\t    \t\t<\/div>\n\t\t\t\t<\/div>\n\t\t\t\t\t<\/div>\n\t\t<\/div>\n\t\t\t\t<div class=\"elementor-column elementor-col-33 elementor-inner-column elementor-element elementor-element-2b79678e\" data-id=\"2b79678e\" data-element_type=\"column\">\n\t\t\t<div class=\"elementor-widget-wrap elementor-element-populated\">\n\t\t\t\t\t\t<div class=\"elementor-element elementor-element-5f9268ac ot-position-top elementor-widget elementor-widget-ot-counter\" data-id=\"5f9268ac\" data-element_type=\"widget\" data-widget_type=\"ot-counter.default\">\n\t\t\t\t<div class=\"elementor-widget-container\">\n\t\t\t    \t<div class=\"ot-counter\" data-counter=\"10\">\r\n        \t<div class=\"dflex number-wrapper\">\r\n        \t\t<span class=\"ot-counter__num-prefix\"><\/span>\r\n        \t\t<span class=\"ot-counter__num\" data-to=\"10\" data-time= \"2000\"><\/span>\r\n        \t\t<span class=\"ot-counter__num-suffix\">+<\/span>\r\n        \t<\/div>\r\n        \t<div class=\"title-desc-wrapper\">\r\n        \t<h6 class=\"ot-counter__title\">A\u00f1os de Experiencia<\/h6>  \r\n        \t  \t\r\n        \t<\/div>\t        \r\n\t    <\/div>\r\n\t    \t\t<\/div>\n\t\t\t\t<\/div>\n\t\t\t\t\t<\/div>\n\t\t<\/div>\n\t\t\t\t\t<\/div>\n\t\t<\/section>\n\t\t\t\t<div class=\"elementor-element elementor-element-4d9ebcc7 elementor-align-center elementor-widget elementor-widget-ot-button\" data-id=\"4d9ebcc7\" data-element_type=\"widget\" data-widget_type=\"ot-button.default\">\n\t\t\t\t<div class=\"elementor-widget-container\">\n\t\t\t\t\t<div class=\"ot-button\">\r\n\t\t\t<a href=\"https:\/\/wpdemo.archiwp.com\/ronmi\/portfolio-grid-no-space\/\" class=\"octf-btn octf-btn-primary\">Nuestros Proyectos<\/a>\r\n\t    <\/div>\r\n\t    \t\t<\/div>\n\t\t\t\t<\/div>\n\t\t\t\t\t<\/div>\n\t\t<\/div>\n\t\t\t\t<div class=\"elementor-column elementor-col-25 elementor-top-column elementor-element elementor-element-6d313fe5\" data-id=\"6d313fe5\" data-element_type=\"column\">\n\t\t\t<div class=\"elementor-widget-wrap elementor-element-populated\">\n\t\t\t\t\t\t<div class=\"elementor-element elementor-element-1c3b62ea elementor-widget__width-initial elementor-absolute elementor-hidden-tablet elementor-hidden-mobile elementor-widget elementor-widget-image\" data-id=\"1c3b62ea\" data-element_type=\"widget\" data-settings=\"{&quot;_position&quot;:&quot;absolute&quot;}\" data-widget_type=\"image.default\">\n\t\t\t\t<div class=\"elementor-widget-container\">\n\t\t\t\t\t\t\t\t\t\t\t\t\t<img decoding=\"async\" src=\"https:\/\/proydei.com\/wp-content\/uploads\/elementor\/thumbs\/faq_studio_2-qv8fx69219tjrh4tinonke10du8zznubuqam0jfezg.jpg\" title=\"faq_studio_2\" alt=\"faq_studio_2\" loading=\"lazy\" \/>\t\t\t\t\t\t\t\t\t\t\t\t\t<\/div>\n\t\t\t\t<\/div>\n\t\t\t\t<div class=\"elementor-element elementor-element-1d5c3fe3 elementor-widget__width-initial elementor-absolute elementor-hidden-tablet elementor-hidden-mobile elementor-widget elementor-widget-image\" data-id=\"1d5c3fe3\" data-element_type=\"widget\" data-settings=\"{&quot;_position&quot;:&quot;absolute&quot;}\" data-widget_type=\"image.default\">\n\t\t\t\t<div class=\"elementor-widget-container\">\n\t\t\t\t\t\t\t\t\t\t\t\t\t<img decoding=\"async\" src=\"https:\/\/proydei.com\/wp-content\/uploads\/elementor\/thumbs\/faq_studio_3-qv8fx76w83ulwg5qmqmaq1ggtoqop05l5gqyoms170.jpg\" title=\"faq_studio_3\" alt=\"faq_studio_3\" loading=\"lazy\" \/>\t\t\t\t\t\t\t\t\t\t\t\t\t<\/div>\n\t\t\t\t<\/div>\n\t\t\t\t\t<\/div>\n\t\t<\/div>\n\t\t\t\t\t<\/div>\n\t\t<\/section>\n\t\t\t\t<\/div>\n\t\t","protected":false},"excerpt":{"rendered":"<p>Sobre Nosotros \u00bfQui\u00e9nes Somos? Empresa desarrolladora inmobiliaria con proyecci\u00f3n de realizar proyectos en zona norte del pa\u00eds, orientados a departamentos y usos mixtos \u00bfPor qu\u00e9 escogernos? Nuestras fortalezas Propuesta de valor diferenciada ofreciendo productos de alto nivel de dise\u00f1o arquitect\u00f3nico e ingenier\u00edas buscando la optimizaci\u00f3n de recursos, trabajamos bajo el sistema lean construction y en [&hellip;]<\/p>\n","protected":false},"author":1,"featured_media":0,"parent":0,"menu_order":0,"comment_status":"closed","ping_status":"closed","template":"","meta":{"footnotes":""},"class_list":["post-843","page","type-page","status-publish","hentry"],"_links":{"self":[{"href":"https:\/\/proydei.com\/index.php?rest_route=\/wp\/v2\/pages\/843","targetHints":{"allow":["GET"]}}],"collection":[{"href":"https:\/\/proydei.com\/index.php?rest_route=\/wp\/v2\/pages"}],"about":[{"href":"https:\/\/proydei.com\/index.php?rest_route=\/wp\/v2\/types\/page"}],"author":[{"embeddable":true,"href":"https:\/\/proydei.com\/index.php?rest_route=\/wp\/v2\/users\/1"}],"replies":[{"embeddable":true,"href":"https:\/\/proydei.com\/index.php?rest_route=%2Fwp%2Fv2%2Fcomments&post=843"}],"version-history":[{"count":4,"href":"https:\/\/proydei.com\/index.php?rest_route=\/wp\/v2\/pages\/843\/revisions"}],"predecessor-version":[{"id":7660,"href":"https:\/\/proydei.com\/index.php?rest_route=\/wp\/v2\/pages\/843\/revisions\/7660"}],"wp:attachment":[{"href":"https:\/\/proydei.com\/index.php?rest_route=%2Fwp%2Fv2%2Fmedia&parent=843"}],"curies":[{"name":"wp","href":"https:\/\/api.w.org\/{rel}","templated":true}]}}